{"id":111,"date":"2021-03-07T14:41:14","date_gmt":"2021-03-07T14:41:14","guid":{"rendered":"https:\/\/mecenaska.net\/?page_id=111"},"modified":"2024-12-12T22:26:21","modified_gmt":"2024-12-12T22:26:21","slug":"sklep-mecenaski","status":"publish","type":"page","link":"https:\/\/mecenaska.net\/index.php\/sklep-mecenaski\/","title":{"rendered":"sklep Mecenaski"},"content":{"rendered":"\n<p><\/p>\n\n\n\n<p>Sklep znajduje si\u0119 na zewn\u0119trznej platformie <a href=\"https:\/\/www.naffy.io\/marlena-rebelska\">https:\/\/www.naffy.io\/marlena-rebelska<\/a><\/p>\n\n\n\n<p><\/p>\n\n\n\n<p>W sklepie mo\u017cesz kupi\u0107 wzory pism, niezb\u0119dne materia\u0142y, ale tak\u017ce um\u00f3wi\u0107 si\u0119 na konsultacj\u0119.<\/p>\n\n\n\n<p><\/p>\n\n\n\n<p>Dobre przygotowanie to po\u0142owa sukcesu. Przygotuj si\u0119 odpowiednio do procesu. Czy b\u0119dzie to proces o rozw\u00f3d czy o alimenty czy ustalenie kontakt\u00f3w z dzieckiem, warto przygotowa\u0107 dok\u0142adny plan dzia\u0142ania. Materia\u0142y, kt\u00f3re s\u0105 zamieszczone w tym miejscu pomagaj\u0105 na r\u00f3\u017cnych etapach, wybierz te, kt\u00f3re s\u0105 odpowiednie dla Ciebie.<\/p>\n\n\n\n<p>Witaj w sklepie Mecenaski \ud83d\ude42<\/p>\n","protected":false},"excerpt":{"rendered":"<p>Sklep znajduje si\u0119 na zewn\u0119trznej platformie https:\/\/www.naffy.io\/marlena-rebelska W sklepie mo\u017cesz kupi\u0107 wzory pism, niezb\u0119dne materia\u0142y, ale tak\u017ce um\u00f3wi\u0107 si\u0119 na konsultacj\u0119. Dobre przygotowanie to po\u0142owa sukcesu. Przygotuj si\u0119 odpowiednio do procesu. Czy b\u0119dzie to proces o rozw\u00f3d czy o alimenty czy ustalenie kontakt\u00f3w z dzieckiem, warto przygotowa\u0107 dok\u0142adny plan dzia\u0142ania. Materia\u0142y, kt\u00f3re s\u0105 zamieszczone w tym miejscu pomagaj\u0105 na r\u00f3\u017cnych etapach, wybierz te, kt\u00f3re s\u0105 odpowiednie dla Ciebie. Witaj w sklepie Mecenaski \ud83d\ude42<\/p>\n","protected":false},"author":1,"featured_media":0,"parent":0,"menu_order":0,"comment_status":"closed","ping_status":"closed","template":"","meta":{"footnotes":""},"class_list":["post-111","page","type-page","status-publish","hentry"],"_links":{"self":[{"href":"https:\/\/mecenaska.net\/index.php\/wp-json\/wp\/v2\/pages\/111","targetHints":{"allow":["GET"]}}],"collection":[{"href":"https:\/\/mecenaska.net\/index.php\/wp-json\/wp\/v2\/pages"}],"about":[{"href":"https:\/\/mecenaska.net\/index.php\/wp-json\/wp\/v2\/types\/page"}],"author":[{"embeddable":true,"href":"https:\/\/mecenaska.net\/index.php\/wp-json\/wp\/v2\/users\/1"}],"replies":[{"embeddable":true,"href":"https:\/\/mecenaska.net\/index.php\/wp-json\/wp\/v2\/comments?post=111"}],"version-history":[{"count":4,"href":"https:\/\/mecenaska.net\/index.php\/wp-json\/wp\/v2\/pages\/111\/revisions"}],"predecessor-version":[{"id":191,"href":"https:\/\/mecenaska.net\/index.php\/wp-json\/wp\/v2\/pages\/111\/revisions\/191"}],"wp:attachment":[{"href":"https:\/\/mecenaska.net\/index.php\/wp-json\/wp\/v2\/media?parent=111"}],"curies":[{"name":"wp","href":"https:\/\/api.w.org\/{rel}","templated":true}]}}