{"id":2,"date":"2020-04-27T17:50:32","date_gmt":"2020-04-27T17:50:32","guid":{"rendered":"https:\/\/mecenaska.net\/?page_id=2"},"modified":"2025-12-22T22:26:14","modified_gmt":"2025-12-22T22:26:14","slug":"o-mnie","status":"publish","type":"page","link":"https:\/\/mecenaska.net\/index.php\/o-mnie\/","title":{"rendered":"o mnie"},"content":{"rendered":"\t\t<div data-elementor-type=\"wp-page\" data-elementor-id=\"2\" class=\"elementor elementor-2\">\n\t\t\t\t\t\t<section class=\"elementor-section elementor-top-section elementor-element elementor-element-4b0f38d6 elementor-section-boxed elementor-section-height-default elementor-section-height-default\" data-id=\"4b0f38d6\" data-element_type=\"section\" data-e-type=\"section\">\n\t\t\t\t\t\t<div class=\"elementor-container elementor-column-gap-default\">\n\t\t\t\t\t<div class=\"elementor-column elementor-col-100 elementor-top-column elementor-element elementor-element-4e1a9da6\" data-id=\"4e1a9da6\" data-element_type=\"column\" data-e-type=\"column\">\n\t\t\t<div class=\"elementor-widget-wrap elementor-element-populated\">\n\t\t\t\t\t\t<div class=\"elementor-element elementor-element-3025b255 elementor-widget elementor-widget-text-editor\" data-id=\"3025b255\" data-element_type=\"widget\" data-e-type=\"widget\" data-widget_type=\"text-editor.default\">\n\t\t\t\t\t\t\t\t\t<div>\n<figure><img decoding=\"async\" src=\"https:\/\/mecenaska.net\/wp-content\/uploads\/2020\/10\/o-mnie-1024x576.jpg\" alt=\"\" \/><\/figure>\n<\/div>\n<p><!-- \/wp:image --><\/p>\n<p><!-- wp:paragraph {\"align\":\"left\"} --><\/p>\n<p>\u00a0<\/p>\n<p><span style=\"color: rgba(0, 0, 0, 0.87); font-family: Nunito, sans-serif; font-size: 14px; letter-spacing: 0.1px;\">\u00a0<\/span><\/p>\n<p><span style=\"color: rgba(0, 0, 0, 0.87); font-family: Nunito, sans-serif; font-size: 14px; letter-spacing: 0.1px;\">Je\u015bli podoba Ci si\u0119 to, co tworz\u0119, mo\u017cesz postawi\u0107 mi kaw\u0119 na BuyCoffee!\u00a0<\/span><\/p>\n<p><span style=\"color: rgba(0, 0, 0, 0.87); font-family: Nunito, sans-serif; font-size: 14px; letter-spacing: 0.1px;\">Ka\u017cda kawa to ogromne wsparcie i motywacja do dalszej pracy. Dzi\u0119kuj\u0119 za Twoje wsparcie \u2013 to dzi\u0119ki Tobie mog\u0119 dalej rozwija\u0107 swoje projekty i dzieli\u0107 si\u0119 nimi z Wami!\u00a0<br \/><\/span><\/p>\n<p><span style=\"color: rgba(0, 0, 0, 0.87); font-family: Nunito, sans-serif; font-size: 14px; letter-spacing: 0.1px;\">\u00a0<\/span><\/p>\n<p><a href=\"https:\/\/buycoffee.to\/mecenaska\" target=\"_blank\" rel=\"noopener\">https:\/\/buycoffee.to\/mecenaska<\/a><\/p>\n<p><a href=\"https:\/\/www.naffy.io\/marlena-rebelska\/postaw-kawe-i-ciastko-H85\">https:\/\/www.naffy.io\/marlena-rebelska\/postaw-kawe-i-ciastko-H85<\/a><\/p>\n<p>\u00a0<\/p>\n<p>Nazywam si\u0119 Marlena R\u0119belska jestem radc\u0105 prawnym, jestem przedsi\u0119biorc\u0105, jestem praktykiem biznesu. Uko\u0144czy\u0142am prawo w Europejskiej Wy\u017cszej Szkole Prawa i Administracji oraz kilka kierunk\u00f3w studi\u00f3w podyplomowych. Aktualnie jestem radc\u0105 prawnym specjalizuj\u0105cym si\u0119 w prawie rodzinnym i prawie karnym a tak\u017ce prawie nieruchomo\u015bci. Zajmuj\u0119 si\u0119 tak\u017ce obs\u0142ug\u0105 prawn\u0105 przedsi\u0119biorc\u00f3w i sp\u00f3\u0142ek. Do\u015bwiadczenie zdobywa\u0142am w s\u0105downictwie, organach administracji, kancelariach oraz przy obs\u0142udze licznych sp\u00f3\u0142ek. Jestem w\u0142a\u015bcicielem kancelarii ADVancer Kancelaria Radcy Prawnego Marlena R\u0119belska z siedzib\u0105 w K\u0105tach W\u0119gierskich gmina Niepor\u0119t (powiat legionowski) oraz filii w M\u0105chocicach Kapitulnych gmina Mas\u0142\u00f3w (powiat kielecki).\u00a0<\/p>\n<p><!-- \/wp:paragraph --><\/p>\n<p><!-- wp:paragraph {\"align\":\"left\"} --><\/p>\n<p>Zapraszam na stron\u0119 kancelarii <br \/><a href=\"http:\/\/www.eprawnik.waw.pl\" target=\"_blank\" rel=\"noreferrer noopener\">www.eprawnik.waw.pl<\/a> lub <a href=\"https:\/\/www.facebook.com\/ePrawnikWawPL\" target=\"_blank\" rel=\"noreferrer noopener\">facebook.com\/ePrawnikWawPL<\/a><\/p>\n<p><!-- \/wp:paragraph --><\/p>\n<p><!-- wp:paragraph --><\/p>\n<p><!-- \/wp:paragraph --><\/p>\n<p><!-- wp:paragraph --><\/p>\n<p><!-- \/wp:paragraph --><\/p>\n<p><!-- wp:paragraph {\"align\":\"left\"} --><\/p>\n<p>\u00a0<\/p>\n<p>Prywatnie jestem mam\u0105 Konstancji, z kt\u00f3r\u0105 uwielbiamy sp\u0119dza\u0107 czas na wsp\u00f3lnym czytaniu ksi\u0105\u017cek, uk\u0142adaniu klock\u00f3w, gotowaniu oraz podr\u00f3\u017cowaniu. Wielk\u0105 pasj\u0105 Konstancji jest taniec i muzyka, kt\u00f3rej po\u015bwi\u0119ca ka\u017cd\u0105 woln\u0105 chwil\u0119 a ja j\u0105 wspieram w tej pasji.\u00a0<\/p>\n<p>W ka\u017cdej mojej wolnej chwili (nie mam ich zbyt wiele, bo doba ma jedynie 24 godziny) staram si\u0119 czyta\u0107 ksi\u0105\u017cki, g\u0142\u00f3wnie te dotycz\u0105ce rozwoju osobistego, psychologiczne oraz krymina\u0142y.\u00a0<\/p>\n<p>Dom kojarzy mi si\u0119 z zapachem pysznego jedzenia oraz \u015bwie\u017cej kawy. Uwielbiam odpoczynek nad morzem. W koncentracji najlepiej pomaga joga i medytacja.<\/p>\n<p><!-- \/wp:paragraph --><\/p>\n<p><!-- wp:paragraph {\"align\":\"left\"} --><\/p>\n<p>zapraszam na m\u00f3j Instagram: <a href=\"https:\/\/www.instagram.com\/mecenaska_net\" target=\"_blank\" rel=\"noreferrer noopener\">mecenaska_net<\/a>\u00a0oraz Tiktok\u00a0<a style=\"font-family: var( --e-global-typography-text-font-family ), Sans-serif; font-weight: var( --e-global-typography-text-font-weight ); background-color: #ffffff; letter-spacing: 0px;\" href=\"https:\/\/www.tiktok.com\/@marlenarebelska?_t=8pnYzyWMXlW&amp;_r=1\" target=\"_blank\" rel=\"noopener\">@marlenarebelska\u00a0<\/a><\/p>\n<p><!-- \/wp:paragraph --><\/p>\n<p><!-- wp:paragraph --><\/p>\n<p><!-- \/wp:paragraph --><\/p>\n<p><!-- wp:paragraph --><\/p>\n<p><!-- \/wp:paragraph --><\/p>\n<p><!-- wp:paragraph {\"align\":\"left\"} --><\/p>\n<p>\u00a0<\/p>\n<p>Moje \u017cyciowe motto: <br \/>&#8222;nie czekaj a\u017c burza minie, naucz si\u0119 ta\u0144czy\u0107 w deszczu&#8230;&#8221;<\/p>\n<p>\u00a0<\/p>\n<p><!-- \/wp:paragraph --><\/p>\n<p><!-- wp:paragraph --><\/p>\n<p><!-- \/wp:paragraph --><\/p>\n<p><!-- wp:paragraph --><\/p>\n<p><!-- \/wp:paragraph --><\/p>\n<p><!-- wp:paragraph --><\/p>\n<p><!-- \/wp:paragraph --><\/p>\n<p><!-- wp:paragraph --><\/p>\n<p><!-- \/wp:paragraph --><\/p>\t\t\t\t\t\t\t\t<\/div>\n\t\t\t\t\t<\/div>\n\t\t<\/div>\n\t\t\t\t\t<\/div>\n\t\t<\/section>\n\t\t\t\t<\/div>\n\t\t","protected":false},"excerpt":{"rendered":"<p>\u00a0 \u00a0 Je\u015bli podoba Ci si\u0119 to, co tworz\u0119, mo\u017cesz postawi\u0107 mi kaw\u0119 na BuyCoffee!\u00a0 Ka\u017cda kawa to ogromne wsparcie i motywacja do dalszej pracy. Dzi\u0119kuj\u0119 za Twoje wsparcie \u2013 to dzi\u0119ki Tobie mog\u0119 dalej rozwija\u0107 swoje projekty i dzieli\u0107 si\u0119 nimi z Wami!\u00a0 \u00a0 https:\/\/buycoffee.to\/mecenaska https:\/\/www.naffy.io\/marlena-rebelska\/postaw-kawe-i-ciastko-H85 \u00a0 Nazywam si\u0119 Marlena R\u0119belska jestem radc\u0105 prawnym, jestem przedsi\u0119biorc\u0105, jestem praktykiem biznesu. Uko\u0144czy\u0142am prawo w Europejskiej Wy\u017cszej Szkole Prawa i Administracji oraz kilka kierunk\u00f3w studi\u00f3w podyplomowych. Aktualnie jestem radc\u0105 prawnym specjalizuj\u0105cym si\u0119 w prawie rodzinnym i prawie karnym a tak\u017ce prawie nieruchomo\u015bci. Zajmuj\u0119 si\u0119 tak\u017ce obs\u0142ug\u0105 prawn\u0105 przedsi\u0119biorc\u00f3w i sp\u00f3\u0142ek. Do\u015bwiadczenie zdobywa\u0142am w s\u0105downictwie, organach administracji, kancelariach oraz przy obs\u0142udze licznych sp\u00f3\u0142ek. Jestem w\u0142a\u015bcicielem kancelarii ADVancer Kancelaria Radcy Prawnego Marlena R\u0119belska z siedzib\u0105 w K\u0105tach W\u0119gierskich gmina Niepor\u0119t (powiat legionowski) oraz filii w M\u0105chocicach Kapitulnych gmina Mas\u0142\u00f3w (powiat kielecki).\u00a0 Zapraszam na stron\u0119 kancelarii www.eprawnik.waw.pl lub facebook.com\/ePrawnikWawPL \u00a0 Prywatnie jestem mam\u0105 Konstancji, z kt\u00f3r\u0105 uwielbiamy sp\u0119dza\u0107 czas na wsp\u00f3lnym czytaniu ksi\u0105\u017cek, uk\u0142adaniu klock\u00f3w, gotowaniu oraz podr\u00f3\u017cowaniu. Wielk\u0105 pasj\u0105 Konstancji jest taniec i muzyka, kt\u00f3rej po\u015bwi\u0119ca ka\u017cd\u0105 woln\u0105 chwil\u0119 a ja j\u0105 wspieram w tej pasji.\u00a0 W ka\u017cdej mojej wolnej chwili (nie mam ich zbyt wiele, bo doba ma jedynie 24 godziny) staram si\u0119 czyta\u0107 ksi\u0105\u017cki, g\u0142\u00f3wnie te dotycz\u0105ce rozwoju osobistego, psychologiczne oraz krymina\u0142y.\u00a0 Dom kojarzy mi si\u0119 z zapachem pysznego jedzenia oraz \u015bwie\u017cej kawy. Uwielbiam odpoczynek nad morzem. W koncentracji najlepiej pomaga joga i medytacja. zapraszam na m\u00f3j Instagram: mecenaska_net\u00a0oraz Tiktok\u00a0@marlenarebelska\u00a0 \u00a0 Moje \u017cyciowe motto: &#8222;nie czekaj a\u017c burza minie, naucz si\u0119 ta\u0144czy\u0107 w deszczu&#8230;&#8221; \u00a0<\/p>\n","protected":false},"author":1,"featured_media":0,"parent":0,"menu_order":0,"comment_status":"closed","ping_status":"open","template":"","meta":{"footnotes":""},"class_list":["post-2","page","type-page","status-publish","hentry"],"_links":{"self":[{"href":"https:\/\/mecenaska.net\/index.php\/wp-json\/wp\/v2\/pages\/2","targetHints":{"allow":["GET"]}}],"collection":[{"href":"https:\/\/mecenaska.net\/index.php\/wp-json\/wp\/v2\/pages"}],"about":[{"href":"https:\/\/mecenaska.net\/index.php\/wp-json\/wp\/v2\/types\/page"}],"author":[{"embeddable":true,"href":"https:\/\/mecenaska.net\/index.php\/wp-json\/wp\/v2\/users\/1"}],"replies":[{"embeddable":true,"href":"https:\/\/mecenaska.net\/index.php\/wp-json\/wp\/v2\/comments?post=2"}],"version-history":[{"count":51,"href":"https:\/\/mecenaska.net\/index.php\/wp-json\/wp\/v2\/pages\/2\/revisions"}],"predecessor-version":[{"id":247,"href":"https:\/\/mecenaska.net\/index.php\/wp-json\/wp\/v2\/pages\/2\/revisions\/247"}],"wp:attachment":[{"href":"https:\/\/mecenaska.net\/index.php\/wp-json\/wp\/v2\/media?parent=2"}],"curies":[{"name":"wp","href":"https:\/\/api.w.org\/{rel}","templated":true}]}}